{"id":693,"date":"2016-09-05T09:51:56","date_gmt":"2016-09-05T07:51:56","guid":{"rendered":"https:\/\/www.firmenlauf.it\/sponsoren\/"},"modified":"2022-03-01T13:41:54","modified_gmt":"2022-03-01T12:41:54","slug":"sponsoren","status":"publish","type":"page","link":"https:\/\/www.firmenlauf.it\/it\/sponsoren\/","title":{"rendered":"Sponsor"},"content":{"rendered":"","protected":false},"excerpt":{"rendered":"","protected":false},"author":1,"featured_media":0,"parent":0,"menu_order":9,"comment_status":"closed","ping_status":"closed","template":"template-sponsoren.php","meta":{"_acf_changed":false,"footnotes":""},"class_list":["post-693","page","type-page","status-publish","hentry"],"acf":[],"yoast_head":"<!-- This site is optimized with the Yoast SEO plugin v26.6 - https:\/\/yoast.com\/wordpress\/plugins\/seo\/ -->\n<title>Lernen Sie unsere Unterst\u00fctzer, Sponsoren und Partner kennen!<\/title>\n<meta name=\"description\" content=\"Wir bedanken uns ganz herzlich bei allen Sponsoren und Partner, denn ohne deren Unterst\u00fctzung w\u00e4re der Neumarktner Firmenlauf nicht m\u00f6glich.\" \/>\n<meta name=\"robots\" content=\"index, follow, max-snippet:-1, max-image-preview:large, max-video-preview:-1\" \/>\n<link rel=\"canonical\" href=\"https:\/\/www.firmenlauf.it\/it\/sponsoren\/\" \/>\n<meta property=\"og:locale\" content=\"it_IT\" \/>\n<meta property=\"og:type\" content=\"article\" \/>\n<meta property=\"og:title\" content=\"Lernen Sie unsere Unterst\u00fctzer, Sponsoren und Partner kennen!\" \/>\n<meta property=\"og:description\" content=\"Wir bedanken uns ganz herzlich bei allen Sponsoren und Partner, denn ohne deren Unterst\u00fctzung w\u00e4re der Neumarktner Firmenlauf nicht m\u00f6glich.\" \/>\n<meta property=\"og:url\" content=\"https:\/\/www.firmenlauf.it\/it\/sponsoren\/\" \/>\n<meta property=\"og:site_name\" content=\"S\u00fcdtiroler Firmenlauf\" \/>\n<meta property=\"article:modified_time\" content=\"2022-03-01T12:41:54+00:00\" \/>\n<script type=\"application\/ld+json\" class=\"yoast-schema-graph\">{\"@context\":\"https:\/\/schema.org\",\"@graph\":[{\"@type\":\"WebPage\",\"@id\":\"https:\/\/www.firmenlauf.it\/it\/sponsoren\/\",\"url\":\"https:\/\/www.firmenlauf.it\/it\/sponsoren\/\",\"name\":\"Lernen Sie unsere Unterst\u00fctzer, Sponsoren und Partner kennen!\",\"isPartOf\":{\"@id\":\"https:\/\/www.firmenlauf.it\/#website\"},\"datePublished\":\"2016-09-05T07:51:56+00:00\",\"dateModified\":\"2022-03-01T12:41:54+00:00\",\"description\":\"Wir bedanken uns ganz herzlich bei allen Sponsoren und Partner, denn ohne deren Unterst\u00fctzung w\u00e4re der Neumarktner Firmenlauf nicht m\u00f6glich.\",\"inLanguage\":\"it-IT\",\"potentialAction\":[{\"@type\":\"ReadAction\",\"target\":[\"https:\/\/www.firmenlauf.it\/it\/sponsoren\/\"]}]},{\"@type\":\"WebSite\",\"@id\":\"https:\/\/www.firmenlauf.it\/#website\",\"url\":\"https:\/\/www.firmenlauf.it\/\",\"name\":\"S\u00fcdtiroler Firmenlauf\",\"description\":\"Das Laufereigniss in Neumarkt\",\"potentialAction\":[{\"@type\":\"SearchAction\",\"target\":{\"@type\":\"EntryPoint\",\"urlTemplate\":\"https:\/\/www.firmenlauf.it\/?s={search_term_string}\"},\"query-input\":{\"@type\":\"PropertyValueSpecification\",\"valueRequired\":true,\"valueName\":\"search_term_string\"}}],\"inLanguage\":\"it-IT\"}]}<\/script>\n<!-- \/ Yoast SEO plugin. -->","yoast_head_json":{"title":"Lernen Sie unsere Unterst\u00fctzer, Sponsoren und Partner kennen!","description":"Wir bedanken uns ganz herzlich bei allen Sponsoren und Partner, denn ohne deren Unterst\u00fctzung w\u00e4re der Neumarktner Firmenlauf nicht m\u00f6glich.","robots":{"index":"index","follow":"follow","max-snippet":"max-snippet:-1","max-image-preview":"max-image-preview:large","max-video-preview":"max-video-preview:-1"},"canonical":"https:\/\/www.firmenlauf.it\/it\/sponsoren\/","og_locale":"it_IT","og_type":"article","og_title":"Lernen Sie unsere Unterst\u00fctzer, Sponsoren und Partner kennen!","og_description":"Wir bedanken uns ganz herzlich bei allen Sponsoren und Partner, denn ohne deren Unterst\u00fctzung w\u00e4re der Neumarktner Firmenlauf nicht m\u00f6glich.","og_url":"https:\/\/www.firmenlauf.it\/it\/sponsoren\/","og_site_name":"S\u00fcdtiroler Firmenlauf","article_modified_time":"2022-03-01T12:41:54+00:00","schema":{"@context":"https:\/\/schema.org","@graph":[{"@type":"WebPage","@id":"https:\/\/www.firmenlauf.it\/it\/sponsoren\/","url":"https:\/\/www.firmenlauf.it\/it\/sponsoren\/","name":"Lernen Sie unsere Unterst\u00fctzer, Sponsoren und Partner kennen!","isPartOf":{"@id":"https:\/\/www.firmenlauf.it\/#website"},"datePublished":"2016-09-05T07:51:56+00:00","dateModified":"2022-03-01T12:41:54+00:00","description":"Wir bedanken uns ganz herzlich bei allen Sponsoren und Partner, denn ohne deren Unterst\u00fctzung w\u00e4re der Neumarktner Firmenlauf nicht m\u00f6glich.","inLanguage":"it-IT","potentialAction":[{"@type":"ReadAction","target":["https:\/\/www.firmenlauf.it\/it\/sponsoren\/"]}]},{"@type":"WebSite","@id":"https:\/\/www.firmenlauf.it\/#website","url":"https:\/\/www.firmenlauf.it\/","name":"S\u00fcdtiroler Firmenlauf","description":"Das Laufereigniss in Neumarkt","potentialAction":[{"@type":"SearchAction","target":{"@type":"EntryPoint","urlTemplate":"https:\/\/www.firmenlauf.it\/?s={search_term_string}"},"query-input":{"@type":"PropertyValueSpecification","valueRequired":true,"valueName":"search_term_string"}}],"inLanguage":"it-IT"}]}},"jetpack_sharing_enabled":true,"_links":{"self":[{"href":"https:\/\/www.firmenlauf.it\/it\/wp-json\/wp\/v2\/pages\/693","targetHints":{"allow":["GET"]}}],"collection":[{"href":"https:\/\/www.firmenlauf.it\/it\/wp-json\/wp\/v2\/pages"}],"about":[{"href":"https:\/\/www.firmenlauf.it\/it\/wp-json\/wp\/v2\/types\/page"}],"author":[{"embeddable":true,"href":"https:\/\/www.firmenlauf.it\/it\/wp-json\/wp\/v2\/users\/1"}],"replies":[{"embeddable":true,"href":"https:\/\/www.firmenlauf.it\/it\/wp-json\/wp\/v2\/comments?post=693"}],"version-history":[{"count":3,"href":"https:\/\/www.firmenlauf.it\/it\/wp-json\/wp\/v2\/pages\/693\/revisions"}],"predecessor-version":[{"id":10375,"href":"https:\/\/www.firmenlauf.it\/it\/wp-json\/wp\/v2\/pages\/693\/revisions\/10375"}],"wp:attachment":[{"href":"https:\/\/www.firmenlauf.it\/it\/wp-json\/wp\/v2\/media?parent=693"}],"curies":[{"name":"wp","href":"https:\/\/api.w.org\/{rel}","templated":true}]}}