{"id":703,"date":"2016-09-05T09:45:21","date_gmt":"2016-09-05T07:45:21","guid":{"rendered":"https:\/\/www.firmenlauf.it\/fit-for-business\/"},"modified":"2026-04-15T17:44:40","modified_gmt":"2026-04-15T15:44:40","slug":"fit-for-business","status":"publish","type":"page","link":"https:\/\/www.firmenlauf.it\/it\/","title":{"rendered":"Fit for Business"},"content":{"rendered":"","protected":false},"excerpt":{"rendered":"","protected":false},"author":1,"featured_media":0,"parent":0,"menu_order":1,"comment_status":"closed","ping_status":"closed","template":"template-home.php","meta":{"_acf_changed":false,"footnotes":""},"class_list":["post-703","page","type-page","status-publish","hentry"],"acf":[],"yoast_head":"<!-- This site is optimized with the Yoast SEO plugin v26.6 - https:\/\/yoast.com\/wordpress\/plugins\/seo\/ -->\n<title>Firmenlauf Alto Adige. Stiamo cercando l\u00b4azienda pi\u00f9 veloce!<\/title>\n<meta name=\"description\" content=\"Sei pronto per la corsa aziendale ad Egna? \u00c9 possibile iscriversi gi\u00e0 adesso! L&#039;evento sportivo di corsa pi\u00f9 grande in Alto Adige\" \/>\n<meta name=\"robots\" content=\"index, follow, max-snippet:-1, max-image-preview:large, max-video-preview:-1\" \/>\n<link rel=\"canonical\" href=\"https:\/\/www.firmenlauf.it\/it\/\" \/>\n<meta property=\"og:locale\" content=\"it_IT\" \/>\n<meta property=\"og:type\" content=\"article\" \/>\n<meta property=\"og:title\" content=\"Firmenlauf Alto Adige. Stiamo cercando l\u00b4azienda pi\u00f9 veloce!\" \/>\n<meta property=\"og:description\" content=\"Sei pronto per la corsa aziendale ad Egna? \u00c9 possibile iscriversi gi\u00e0 adesso! L&#039;evento sportivo di corsa pi\u00f9 grande in Alto Adige\" \/>\n<meta property=\"og:url\" content=\"https:\/\/www.firmenlauf.it\/it\/\" \/>\n<meta property=\"og:site_name\" content=\"S\u00fcdtiroler Firmenlauf\" \/>\n<meta property=\"article:modified_time\" content=\"2026-04-15T15:44:40+00:00\" \/>\n<script type=\"application\/ld+json\" class=\"yoast-schema-graph\">{\"@context\":\"https:\/\/schema.org\",\"@graph\":[{\"@type\":\"WebPage\",\"@id\":\"https:\/\/www.firmenlauf.it\/it\/\",\"url\":\"https:\/\/www.firmenlauf.it\/it\/\",\"name\":\"Firmenlauf Alto Adige. Stiamo cercando l\u00b4azienda pi\u00f9 veloce!\",\"isPartOf\":{\"@id\":\"https:\/\/www.firmenlauf.it\/#website\"},\"datePublished\":\"2016-09-05T07:45:21+00:00\",\"dateModified\":\"2026-04-15T15:44:40+00:00\",\"description\":\"Sei pronto per la corsa aziendale ad Egna? \u00c9 possibile iscriversi gi\u00e0 adesso! L'evento sportivo di corsa pi\u00f9 grande in Alto Adige\",\"inLanguage\":\"it-IT\",\"potentialAction\":[{\"@type\":\"ReadAction\",\"target\":[\"https:\/\/www.firmenlauf.it\/it\/\"]}]},{\"@type\":\"WebSite\",\"@id\":\"https:\/\/www.firmenlauf.it\/#website\",\"url\":\"https:\/\/www.firmenlauf.it\/\",\"name\":\"S\u00fcdtiroler Firmenlauf\",\"description\":\"Das Laufereigniss in Neumarkt\",\"potentialAction\":[{\"@type\":\"SearchAction\",\"target\":{\"@type\":\"EntryPoint\",\"urlTemplate\":\"https:\/\/www.firmenlauf.it\/?s={search_term_string}\"},\"query-input\":{\"@type\":\"PropertyValueSpecification\",\"valueRequired\":true,\"valueName\":\"search_term_string\"}}],\"inLanguage\":\"it-IT\"}]}<\/script>\n<!-- \/ Yoast SEO plugin. -->","yoast_head_json":{"title":"Firmenlauf Alto Adige. Stiamo cercando l\u00b4azienda pi\u00f9 veloce!","description":"Sei pronto per la corsa aziendale ad Egna? \u00c9 possibile iscriversi gi\u00e0 adesso! L'evento sportivo di corsa pi\u00f9 grande in Alto Adige","robots":{"index":"index","follow":"follow","max-snippet":"max-snippet:-1","max-image-preview":"max-image-preview:large","max-video-preview":"max-video-preview:-1"},"canonical":"https:\/\/www.firmenlauf.it\/it\/","og_locale":"it_IT","og_type":"article","og_title":"Firmenlauf Alto Adige. Stiamo cercando l\u00b4azienda pi\u00f9 veloce!","og_description":"Sei pronto per la corsa aziendale ad Egna? \u00c9 possibile iscriversi gi\u00e0 adesso! L'evento sportivo di corsa pi\u00f9 grande in Alto Adige","og_url":"https:\/\/www.firmenlauf.it\/it\/","og_site_name":"S\u00fcdtiroler Firmenlauf","article_modified_time":"2026-04-15T15:44:40+00:00","schema":{"@context":"https:\/\/schema.org","@graph":[{"@type":"WebPage","@id":"https:\/\/www.firmenlauf.it\/it\/","url":"https:\/\/www.firmenlauf.it\/it\/","name":"Firmenlauf Alto Adige. Stiamo cercando l\u00b4azienda pi\u00f9 veloce!","isPartOf":{"@id":"https:\/\/www.firmenlauf.it\/#website"},"datePublished":"2016-09-05T07:45:21+00:00","dateModified":"2026-04-15T15:44:40+00:00","description":"Sei pronto per la corsa aziendale ad Egna? \u00c9 possibile iscriversi gi\u00e0 adesso! L'evento sportivo di corsa pi\u00f9 grande in Alto Adige","inLanguage":"it-IT","potentialAction":[{"@type":"ReadAction","target":["https:\/\/www.firmenlauf.it\/it\/"]}]},{"@type":"WebSite","@id":"https:\/\/www.firmenlauf.it\/#website","url":"https:\/\/www.firmenlauf.it\/","name":"S\u00fcdtiroler Firmenlauf","description":"Das Laufereigniss in Neumarkt","potentialAction":[{"@type":"SearchAction","target":{"@type":"EntryPoint","urlTemplate":"https:\/\/www.firmenlauf.it\/?s={search_term_string}"},"query-input":{"@type":"PropertyValueSpecification","valueRequired":true,"valueName":"search_term_string"}}],"inLanguage":"it-IT"}]}},"jetpack_sharing_enabled":true,"_links":{"self":[{"href":"https:\/\/www.firmenlauf.it\/it\/wp-json\/wp\/v2\/pages\/703","targetHints":{"allow":["GET"]}}],"collection":[{"href":"https:\/\/www.firmenlauf.it\/it\/wp-json\/wp\/v2\/pages"}],"about":[{"href":"https:\/\/www.firmenlauf.it\/it\/wp-json\/wp\/v2\/types\/page"}],"author":[{"embeddable":true,"href":"https:\/\/www.firmenlauf.it\/it\/wp-json\/wp\/v2\/users\/1"}],"replies":[{"embeddable":true,"href":"https:\/\/www.firmenlauf.it\/it\/wp-json\/wp\/v2\/comments?post=703"}],"version-history":[{"count":10,"href":"https:\/\/www.firmenlauf.it\/it\/wp-json\/wp\/v2\/pages\/703\/revisions"}],"predecessor-version":[{"id":23691,"href":"https:\/\/www.firmenlauf.it\/it\/wp-json\/wp\/v2\/pages\/703\/revisions\/23691"}],"wp:attachment":[{"href":"https:\/\/www.firmenlauf.it\/it\/wp-json\/wp\/v2\/media?parent=703"}],"curies":[{"name":"wp","href":"https:\/\/api.w.org\/{rel}","templated":true}]}}